{"id":62,"date":"2025-03-23T00:08:16","date_gmt":"2025-03-23T00:08:16","guid":{"rendered":"https:\/\/losdiablosmusic.es\/?page_id=62"},"modified":"2025-06-24T09:11:47","modified_gmt":"2025-06-24T09:11:47","slug":"quienes-somos","status":"publish","type":"page","link":"https:\/\/losdiablosmusic.es\/index.php\/quienes-somos\/","title":{"rendered":"Quienes somos"},"content":{"rendered":"\n<p><strong>Los Diablos<\/strong>\u00a0es un grupo\u00a0espa\u00f1ol\u00a0de\u00a0m\u00fasica pop, destacado por sus \u00e9xitos y por su duraci\u00f3n de toda la historia del pop espa\u00f1ol. El grupo catal\u00e1n tuvo su origen en\u00a0Hospitalet de Llobregat,\u00a0Barcelona.\u200b<\/p>\n\n\n\n<h2 class=\"wp-block-heading\" id=\"Historia\">Historia<\/h2>\n\n\n\n<p>Comenzaron llam\u00e1ndose\u00a0<em>Los Diablillos del Rock<\/em>, pero al poco tiempo, por insistencia del cantante y para la posteridad ser\u00edan conocidos como\u00a0<em>Los Diablos<\/em>. Comenzaron cantando canciones de moda y versiones de temas de\u00a0El D\u00fao Din\u00e1mico;\u200b sus componentes eran: Agust\u00edn Ram\u00edrez, como cantante, y Enrique Mar\u00edn, a la guitarra. Al poco tiempo, el d\u00fao se convirti\u00f3 en cuarteto, con\u00a0Emilio Sancho, a la bater\u00eda, y\u00a0Amado Ja\u00e9n, al bajo. En esta \u00e9poca comienzan a grabar sus primeros temas, destacando\u00a0<em>Gracias al amor<\/em>,\u00a0<em>Brutal<\/em>\u00a0y\u00a0<em>T\u00fa tambi\u00e9n ser\u00e1s ye-ye<\/em>.<\/p>\n\n\n\n<p>En 1969 lanzan su primer LP,\u00a0<em>Un rayo de sol<\/em>, que contiene la\u00a0canci\u00f3n del mismo t\u00edtulo, su primer gran \u00e9xito comercial editado como sencillo en 1970 y con el que consiguen su primer disco de oro \u2014llegando a vender 450.000 copias\u2014 y que los catapulta a la fama.\u200b El tema se convirti\u00f3 en la\u00a0canci\u00f3n del verano\u00a0de 1970.\u200b<\/p>\n\n\n\n<p>En a\u00f1os sucesivos continuaron publicando temas poperos y juveniles como&nbsp;<em>Fin de semana<\/em>,&nbsp;<em>Acalorado<\/em>,&nbsp;<em>Oh, oh, July<\/em>,&nbsp;<em>Ni\u00f1a de pap\u00e1<\/em>&nbsp;o&nbsp;<em>Luna de miel<\/em>&nbsp;hasta su disoluci\u00f3n en 1978.<\/p>\n\n\n\n<p>El grupo reapareci\u00f3 en 1982 y posteriormente de 1996 a 2001 colaboran con\u00a0F\u00f3rmula V\u00a0en el proyecto llamado\u00a0<em>F\u00f3rmula Diablos<\/em>, en 1997 sacan un recopilatorio con todos los grandes \u00e9xitos de F\u00f3rmula V &#8211; Los Diablos llamado\u00a0<em>F\u00f3rmula Diablos. grandes \u00e9xitos 1967 -1978<\/em>. De 1996 a 2001 dieron muchos conciertos por toda la geograf\u00eda espa\u00f1ola principalmente.<\/p>\n\n\n\n<p>En abril de 2002 Los Diablos estaban formados por: Agust\u00edn Ram\u00edrez, Amado Ja\u00e9n, Adolfo Rodrigo, Jordi Griso, y Oriol Cot Romera. En 2023, la ciudad de Hospitalet de Llobregat les homenajea poniendo su nombre a unos jardines.\u200b<\/p>\n\n\n\n<h2 class=\"wp-block-heading\" id=\"Miembros\">Miembros<\/h2>\n\n\n\n<ul class=\"wp-block-list\">\n<li>Agust\u00edn Ram\u00edrez \u2013\u00a0Voz<\/li>\n\n\n\n<li>Amado Ja\u00e9n (1949-2023) &#8211; Guitarra baja,\u00a0Coros<\/li>\n\n\n\n<li>Adolfo Rodrigo &#8211; Guitarra<\/li>\n\n\n\n<li>Jordi Griso &#8211; Teclados<\/li>\n\n\n\n<li>Oriol Cot Romera &#8211; Bater\u00eda<\/li>\n<\/ul>\n\n\n\n<h2 class=\"wp-block-heading\" id=\"Discograf\u00eda\">Discograf\u00eda<\/h2>\n\n\n\n<ul class=\"wp-block-list\">\n<li><em>Un rayo de sol<\/em>&nbsp;(1969)<\/li>\n\n\n\n<li><em>Oh Diablos<\/em>&nbsp;(1970)<\/li>\n\n\n\n<li><em>Los Diablos<\/em>&nbsp;(1972)<\/li>\n\n\n\n<li><em>Los Diablos<\/em>&nbsp;(1973)<\/li>\n\n\n\n<li><em>Acalorado&nbsp;<\/em>(1974)<\/li>\n\n\n\n<li><em>Aniversario&nbsp;<\/em>(1975)<\/li>\n\n\n\n<li><em>Que suene ya la banda<\/em>&nbsp;(1976)<\/li>\n\n\n\n<li><em>Vino, guitarras y amigos<\/em>&nbsp;(1983)<\/li>\n\n\n\n<li><em>Fruta fresca<\/em>&nbsp;(1984)<\/li>\n\n\n\n<li><em>Un Diablo en el coraz\u00f3n&nbsp;<\/em>(1993)<\/li>\n\n\n\n<li><em>La Fiesta de los 70<\/em><\/li>\n\n\n\n<li><em>Un diablo en el coraz\u00f3n<\/em><\/li>\n\n\n\n<li><em>El verano de tu vida<\/em><\/li>\n\n\n\n<li><em>Un rayo de sol 50 a\u00f1os<\/em>&nbsp;(2020)<\/li>\n<\/ul>\n","protected":false},"excerpt":{"rendered":"<p>Los Diablos\u00a0es un grupo\u00a0espa\u00f1ol\u00a0de\u00a0m\u00fasica pop, destacado por sus \u00e9xitos y por su duraci\u00f3n de toda la historia del pop espa\u00f1ol. El grupo catal\u00e1n tuvo su origen en\u00a0Hospitalet de Llobregat,\u00a0Barcelona.\u200b Historia Comenzaron llam\u00e1ndose\u00a0Los Diablillos del Rock, pero al poco tiempo, por insistencia del cantante y para la posteridad ser\u00edan conocidos como\u00a0Los Diablos. Comenzaron cantando canciones de [&hellip;]<\/p>\n","protected":false},"author":1,"featured_media":0,"parent":0,"menu_order":0,"comment_status":"closed","ping_status":"closed","template":"","meta":{"footnotes":""},"class_list":["post-62","page","type-page","status-publish","hentry"],"_links":{"self":[{"href":"https:\/\/losdiablosmusic.es\/index.php\/wp-json\/wp\/v2\/pages\/62","targetHints":{"allow":["GET"]}}],"collection":[{"href":"https:\/\/losdiablosmusic.es\/index.php\/wp-json\/wp\/v2\/pages"}],"about":[{"href":"https:\/\/losdiablosmusic.es\/index.php\/wp-json\/wp\/v2\/types\/page"}],"author":[{"embeddable":true,"href":"https:\/\/losdiablosmusic.es\/index.php\/wp-json\/wp\/v2\/users\/1"}],"replies":[{"embeddable":true,"href":"https:\/\/losdiablosmusic.es\/index.php\/wp-json\/wp\/v2\/comments?post=62"}],"version-history":[{"count":3,"href":"https:\/\/losdiablosmusic.es\/index.php\/wp-json\/wp\/v2\/pages\/62\/revisions"}],"predecessor-version":[{"id":334,"href":"https:\/\/losdiablosmusic.es\/index.php\/wp-json\/wp\/v2\/pages\/62\/revisions\/334"}],"wp:attachment":[{"href":"https:\/\/losdiablosmusic.es\/index.php\/wp-json\/wp\/v2\/media?parent=62"}],"curies":[{"name":"wp","href":"https:\/\/api.w.org\/{rel}","templated":true}]}}