{"id":14,"date":"2024-11-05T17:53:34","date_gmt":"2024-11-05T17:53:34","guid":{"rendered":"https:\/\/elementor.unapaginaweb.es\/blog\/?page_id=14"},"modified":"2025-04-23T09:38:35","modified_gmt":"2025-04-23T09:38:35","slug":"aviso-legal","status":"publish","type":"page","link":"https:\/\/losdiablosmusic.es\/index.php\/aviso-legal\/","title":{"rendered":"Aviso Legal"},"content":{"rendered":"\n<p>Bienvenidos a  <a href=\"https:\/\/losdiablosmusic.es\/\">losdiablosmusic.es<\/a>. El acceso y uso de este sitio web est\u00e1n sujetos a los t\u00e9rminos y condiciones establecidos en este Aviso Legal y a la legislaci\u00f3n vigente. Al acceder y utilizar este sitio web, usted acepta expresamente estas condiciones sin reservas.<\/p>\n\n\n\n<p><strong>Identificaci\u00f3n del Titular<\/strong><\/p>\n\n\n\n<p>De acuerdo con el art\u00edculo 10 de la Ley de Servicios de la Sociedad de la Informaci\u00f3n y del Comercio Electr\u00f3nico (LSSI-CE), se informa:<\/p>\n\n\n\n<ul class=\"wp-block-list\">\n<li><strong>Titular del sitio web:<\/strong> CENTA\u00d1O PRODUCCIONES SL<\/li>\n\n\n\n<li><strong>Correo electr\u00f3nico:<\/strong> marga@losdiablos.es<\/li>\n<\/ul>\n\n\n\n<p><strong>Propiedad Intelectual y Uso de Contenidos<\/strong><\/p>\n\n\n\n<p>Todos los contenidos presentes en este sitio web (textos, im\u00e1genes, logotipos, gr\u00e1ficos, dise\u00f1os y c\u00f3digo fuente) son propiedad exclusiva de <strong>CENTA\u00d1O PRODUCCIONES SL<\/strong> o de terceros que han autorizado su uso, estando protegidos por la legislaci\u00f3n espa\u00f1ola e internacional sobre propiedad intelectual e industrial.<\/p>\n\n\n\n<p>Queda expresamente prohibida la reproducci\u00f3n, distribuci\u00f3n, comunicaci\u00f3n p\u00fablica o modificaci\u00f3n total o parcial de estos contenidos sin la autorizaci\u00f3n previa, expl\u00edcita y por escrito del titular.<\/p>\n\n\n\n<p><strong>Obligaciones del Usuario<\/strong><\/p>\n\n\n\n<p>El usuario se compromete a utilizar este sitio web de manera responsable, conforme a la legislaci\u00f3n vigente y los t\u00e9rminos aqu\u00ed expuestos. El usuario deber\u00e1 abstenerse de:<\/p>\n\n\n\n<ul class=\"wp-block-list\">\n<li>Realizar actividades il\u00edcitas o contrarias a la buena fe y orden p\u00fablico.<\/li>\n\n\n\n<li>Da\u00f1ar o perjudicar los sistemas inform\u00e1ticos del titular o de terceros.<\/li>\n\n\n\n<li>Introducir o difundir virus inform\u00e1ticos o cualquier otro sistema f\u00edsico o l\u00f3gico susceptible de causar da\u00f1os.<\/li>\n<\/ul>\n\n\n\n<p><strong>Exenci\u00f3n de Responsabilidad<\/strong><\/p>\n\n\n\n<p>CENTA\u00d1O PRODUCCIONES SL no asume responsabilidad por:<\/p>\n\n\n\n<ul class=\"wp-block-list\">\n<li>Da\u00f1os y perjuicios derivados del uso incorrecto, inapropiado o il\u00edcito del sitio web.<\/li>\n\n\n\n<li>Errores t\u00e9cnicos, interrupciones o disponibilidad temporal del sitio web.<\/li>\n\n\n\n<li>Contenidos o servicios enlazados a p\u00e1ginas externas sobre las que no ejerce control alguno.<\/li>\n<\/ul>\n\n\n\n<p><strong>Pol\u00edtica de Enlaces<\/strong><\/p>\n\n\n\n<p>Este sitio web puede incluir enlaces hacia sitios web de terceros. Dichos enlaces tienen una finalidad meramente informativa y no implican respaldo o garant\u00eda por parte de CENTA\u00d1O PRODUCCIONES SL sobre su contenido, servicios o pol\u00edticas de privacidad.<\/p>\n\n\n\n<p><strong>Legislaci\u00f3n Aplicable y Jurisdicci\u00f3n<\/strong><\/p>\n\n\n\n<p>Este Aviso Legal se rige por la legislaci\u00f3n espa\u00f1ola vigente. Para cualquier controversia derivada o relacionada con el uso del sitio web, las partes acuerdan someterse a los juzgados y tribunales correspondientes al domicilio del titular.<\/p>\n\n\n\n<p><strong>Modificaci\u00f3n del Aviso Legal<\/strong><\/p>\n\n\n\n<p><strong>CENTA\u00d1O PRODUCCIONES SL<\/strong> <strong> <\/strong>se reserva el derecho de modificar este Aviso Legal en cualquier momento para adecuarlo a cambios normativos o actualizaciones del sitio web. Dichas modificaciones ser\u00e1n publicadas en esta misma p\u00e1gina y ser\u00e1n efectivas desde el momento de su publicaci\u00f3n.<\/p>\n","protected":false},"excerpt":{"rendered":"<p>Bienvenidos a losdiablosmusic.es. El acceso y uso de este sitio web est\u00e1n sujetos a los t\u00e9rminos y condiciones establecidos en este Aviso Legal y a la legislaci\u00f3n vigente. Al acceder y utilizar este sitio web, usted acepta expresamente estas condiciones sin reservas. Identificaci\u00f3n del Titular De acuerdo con el art\u00edculo 10 de la Ley de [&hellip;]<\/p>\n","protected":false},"author":1,"featured_media":0,"parent":0,"menu_order":0,"comment_status":"closed","ping_status":"closed","template":"","meta":{"footnotes":""},"class_list":["post-14","page","type-page","status-publish","hentry"],"_links":{"self":[{"href":"https:\/\/losdiablosmusic.es\/index.php\/wp-json\/wp\/v2\/pages\/14","targetHints":{"allow":["GET"]}}],"collection":[{"href":"https:\/\/losdiablosmusic.es\/index.php\/wp-json\/wp\/v2\/pages"}],"about":[{"href":"https:\/\/losdiablosmusic.es\/index.php\/wp-json\/wp\/v2\/types\/page"}],"author":[{"embeddable":true,"href":"https:\/\/losdiablosmusic.es\/index.php\/wp-json\/wp\/v2\/users\/1"}],"replies":[{"embeddable":true,"href":"https:\/\/losdiablosmusic.es\/index.php\/wp-json\/wp\/v2\/comments?post=14"}],"version-history":[{"count":3,"href":"https:\/\/losdiablosmusic.es\/index.php\/wp-json\/wp\/v2\/pages\/14\/revisions"}],"predecessor-version":[{"id":308,"href":"https:\/\/losdiablosmusic.es\/index.php\/wp-json\/wp\/v2\/pages\/14\/revisions\/308"}],"wp:attachment":[{"href":"https:\/\/losdiablosmusic.es\/index.php\/wp-json\/wp\/v2\/media?parent=14"}],"curies":[{"name":"wp","href":"https:\/\/api.w.org\/{rel}","templated":true}]}}